{"id":24,"date":"2018-02-12T14:48:23","date_gmt":"2018-02-12T14:48:23","guid":{"rendered":"http:\/\/niceairport-transfers.com\/contact\/"},"modified":"2022-02-09T14:24:37","modified_gmt":"2022-02-09T13:24:37","slug":"contact","status":"publish","type":"page","link":"https:\/\/niceairport-transfers.com\/fr\/contact\/","title":{"rendered":"Contact"},"content":{"rendered":"\t\t<div data-elementor-type=\"wp-post\" data-elementor-id=\"24\" class=\"elementor elementor-24\">\n\t\t\t\t\t\t<section class=\"elementor-section elementor-top-section elementor-element elementor-element-7bc8466d elementor-section-boxed elementor-section-height-default elementor-section-height-default\" data-id=\"7bc8466d\" data-element_type=\"section\" data-e-type=\"section\">\n\t\t\t\t\t\t<div class=\"elementor-container elementor-column-gap-default\">\n\t\t\t\t\t<div class=\"elementor-column elementor-col-100 elementor-top-column elementor-element elementor-element-312cf5fa\" data-id=\"312cf5fa\" data-element_type=\"column\" data-e-type=\"column\">\n\t\t\t<div class=\"elementor-widget-wrap elementor-element-populated\">\n\t\t\t\t\t\t<section class=\"elementor-section elementor-inner-section elementor-element elementor-element-70058fb5 elementor-section-content-top elementor-section-boxed elementor-section-height-default elementor-section-height-default\" data-id=\"70058fb5\" data-element_type=\"section\" data-e-type=\"section\">\n\t\t\t\t\t\t<div class=\"elementor-container elementor-column-gap-extended\">\n\t\t\t\t\t<div class=\"elementor-column elementor-col-50 elementor-inner-column elementor-element elementor-element-14079b81\" data-id=\"14079b81\" data-element_type=\"column\" data-e-type=\"column\">\n\t\t\t<div class=\"elementor-widget-wrap elementor-element-populated\">\n\t\t\t\t\t\t<div class=\"elementor-element elementor-element-16f0141 elementor-widget elementor-widget-heading\" data-id=\"16f0141\" data-element_type=\"widget\" data-e-type=\"widget\" data-widget_type=\"heading.default\">\n\t\t\t\t<div class=\"elementor-widget-container\">\n\t\t\t\t\t<h2 class=\"elementor-heading-title elementor-size-default\">Nous contacter<\/h2>\t\t\t\t<\/div>\n\t\t\t\t<\/div>\n\t\t\t\t<div class=\"elementor-element elementor-element-8c0872f elementor-widget elementor-widget-text-editor\" data-id=\"8c0872f\" data-element_type=\"widget\" data-e-type=\"widget\" data-widget_type=\"text-editor.default\">\n\t\t\t\t<div class=\"elementor-widget-container\">\n\t\t\t\t\t\t\t\t\t<p><div class=\"wpforms-container \" id=\"wpforms-7\"><form id=\"wpforms-form-7\" class=\"wpforms-validate wpforms-form wpforms-ajax-form\" data-formid=\"7\" method=\"post\" enctype=\"multipart\/form-data\" action=\"\/fr\/wp-json\/wp\/v2\/pages\/24\" data-token=\"decf8e38be1a00e1a6817e4b2a58ac7d\" data-token-time=\"1775599128\"><noscript class=\"wpforms-error-noscript\">Veuillez activer JavaScript dans votre navigateur pour remplir ce formulaire.<\/noscript><div class=\"wpforms-field-container\"><div id=\"wpforms-7-field_0-container\" class=\"wpforms-field wpforms-field-name\" data-field-id=\"0\"><label class=\"wpforms-field-label\" for=\"wpforms-7-field_0\">Nom\/Pr\u00e9nom ou raison sociale <span class=\"wpforms-required-label\">*<\/span><\/label><input type=\"text\" id=\"wpforms-7-field_0\" class=\"wpforms-field-large wpforms-field-required\" name=\"wpforms[fields][0]\" required><\/div><div id=\"wpforms-7-field_1-container\" class=\"wpforms-field wpforms-field-email\" data-field-id=\"1\"><label class=\"wpforms-field-label\" for=\"wpforms-7-field_1\">Adresse mail <span class=\"wpforms-required-label\">*<\/span><\/label><input type=\"email\" id=\"wpforms-7-field_1\" class=\"wpforms-field-large wpforms-field-required\" name=\"wpforms[fields][1]\" spellcheck=\"false\" required><\/div><div id=\"wpforms-7-field_5-container\" class=\"wpforms-field wpforms-field-name\" data-field-id=\"5\"><label class=\"wpforms-field-label\" for=\"wpforms-7-field_5\">Num\u00e9ro de t\u00e9l\u00e9phone <span class=\"wpforms-required-label\">*<\/span><\/label><input type=\"text\" id=\"wpforms-7-field_5\" class=\"wpforms-field-large wpforms-field-required\" name=\"wpforms[fields][5]\" required><\/div><div id=\"wpforms-7-field_3-container\" class=\"wpforms-field wpforms-field-text\" data-field-id=\"3\"><label class=\"wpforms-field-label\" for=\"wpforms-7-field_3\">Sujet <span class=\"wpforms-required-label\">*<\/span><\/label><input type=\"text\" id=\"wpforms-7-field_3\" class=\"wpforms-field-large wpforms-field-required\" name=\"wpforms[fields][3]\" required><\/div><div id=\"wpforms-7-field_2-container\" class=\"wpforms-field wpforms-field-textarea\" data-field-id=\"2\"><label class=\"wpforms-field-label\" for=\"wpforms-7-field_2\">Votre message<\/label><textarea id=\"wpforms-7-field_2\" class=\"wpforms-field-large\" name=\"wpforms[fields][2]\" ><\/textarea><\/div><\/div><!-- .wpforms-field-container --><div class=\"wpforms-field wpforms-field-hp\"><label for=\"wpforms-7-field-hp\" class=\"wpforms-field-label\">Comment<\/label><input type=\"text\" name=\"wpforms[hp]\" id=\"wpforms-7-field-hp\" class=\"wpforms-field-medium\"><\/div><div class=\"wpforms-recaptcha-container wpforms-is-recaptcha wpforms-is-recaptcha-type-v2\" ><div class=\"g-recaptcha\" data-sitekey=\"6LfkBfsbAAAAANTE0AYmc_YYixes4ZTI4l46__sJ\"><\/div><input type=\"text\" name=\"g-recaptcha-hidden\" class=\"wpforms-recaptcha-hidden\" style=\"position:absolute!important;clip:rect(0,0,0,0)!important;height:1px!important;width:1px!important;border:0!important;overflow:hidden!important;padding:0!important;margin:0!important;\" data-rule-recaptcha=\"1\"><\/div><div class=\"wpforms-submit-container\" ><input type=\"hidden\" name=\"wpforms[id]\" value=\"7\"><input type=\"hidden\" name=\"page_title\" value=\"\"><input type=\"hidden\" name=\"page_url\" value=\"https:\/\/niceairport-transfers.com\/fr\/wp-json\/wp\/v2\/pages\/24\"><input type=\"hidden\" name=\"url_referer\" value=\"\"><button type=\"submit\" name=\"wpforms[submit]\" id=\"wpforms-submit-7\" class=\"wpforms-submit\" data-alt-text=\"Envoi en cours...\" data-submit-text=\"Envoyer\" aria-live=\"assertive\" value=\"wpforms-submit\">Envoyer<\/button><img decoding=\"async\" src=\"https:\/\/niceairport-transfers.com\/wp-content\/plugins\/wpforms-lite\/assets\/images\/submit-spin.svg\" class=\"wpforms-submit-spinner\" style=\"display: none;\" width=\"26\" height=\"26\" alt=\"Chargement en cours\"><\/div><\/form><\/div>  <!-- .wpforms-container --><\/p>\t\t\t\t\t\t\t\t<\/div>\n\t\t\t\t<\/div>\n\t\t\t\t\t<\/div>\n\t\t<\/div>\n\t\t\t\t<div class=\"elementor-column elementor-col-50 elementor-inner-column elementor-element elementor-element-58aac9b\" data-id=\"58aac9b\" data-element_type=\"column\" data-e-type=\"column\">\n\t\t\t<div class=\"elementor-widget-wrap elementor-element-populated\">\n\t\t\t\t\t\t<div class=\"elementor-element elementor-element-24d176c elementor-widget elementor-widget-heading\" data-id=\"24d176c\" data-element_type=\"widget\" data-e-type=\"widget\" data-widget_type=\"heading.default\">\n\t\t\t\t<div class=\"elementor-widget-container\">\n\t\t\t\t\t<h2 class=\"elementor-heading-title elementor-size-default\">VTC M\u00e9diterran\u00e9e<\/h2>\t\t\t\t<\/div>\n\t\t\t\t<\/div>\n\t\t\t\t<div class=\"elementor-element elementor-element-6da8c82 elementor-widget elementor-widget-text-editor\" data-id=\"6da8c82\" data-element_type=\"widget\" data-e-type=\"widget\" data-widget_type=\"text-editor.default\">\n\t\t\t\t<div class=\"elementor-widget-container\">\n\t\t\t\t\t\t\t\t\t<p class=\"font_7\"><span style=\"color: #000000;\"><a style=\"color: #000000;\" href=\"https:\/\/niceairport-transfers.com\/\">VTC chauffeur priv\u00e9 Fr\u00e9jus et Nice<\/a><\/span> a\u00e9roport\/gare\/\u00e9v\u00e8nements<\/p><p class=\"font_7\">Transports toute distance 7\/7 24\/24<\/p>\t\t\t\t\t\t\t\t<\/div>\n\t\t\t\t<\/div>\n\t\t\t\t<div class=\"elementor-element elementor-element-c67f291 elementor-align-start elementor-mobile-align-center elementor-icon-list--layout-traditional elementor-list-item-link-full_width elementor-widget elementor-widget-icon-list\" data-id=\"c67f291\" data-element_type=\"widget\" data-e-type=\"widget\" data-widget_type=\"icon-list.default\">\n\t\t\t\t<div class=\"elementor-widget-container\">\n\t\t\t\t\t\t\t<ul class=\"elementor-icon-list-items\">\n\t\t\t\t\t\t\t<li class=\"elementor-icon-list-item\">\n\t\t\t\t\t\t\t\t\t\t\t<a href=\"mailto:vtc.mediterranee@gmail.com\">\n\n\t\t\t\t\t\t\t\t\t\t\t\t<span class=\"elementor-icon-list-icon\">\n\t\t\t\t\t\t\t<i aria-hidden=\"true\" class=\"fas fa-envelope\"><\/i>\t\t\t\t\t\t<\/span>\n\t\t\t\t\t\t\t\t\t\t<span class=\"elementor-icon-list-text\">vtc.mediterranee@gmail.com<\/span>\n\t\t\t\t\t\t\t\t\t\t\t<\/a>\n\t\t\t\t\t\t\t\t\t<\/li>\n\t\t\t\t\t\t\t\t<li class=\"elementor-icon-list-item\">\n\t\t\t\t\t\t\t\t\t\t\t<a href=\"tel:+33%20(0)6%2095%2082%2099%2006\">\n\n\t\t\t\t\t\t\t\t\t\t\t\t<span class=\"elementor-icon-list-icon\">\n\t\t\t\t\t\t\t<i aria-hidden=\"true\" class=\"fas fa-phone-alt\"><\/i>\t\t\t\t\t\t<\/span>\n\t\t\t\t\t\t\t\t\t\t<span class=\"elementor-icon-list-text\">+33 (0)6 95 82 99 06<\/span>\n\t\t\t\t\t\t\t\t\t\t\t<\/a>\n\t\t\t\t\t\t\t\t\t<\/li>\n\t\t\t\t\t\t\t\t<li class=\"elementor-icon-list-item\">\n\t\t\t\t\t\t\t\t\t\t\t<a href=\"https:\/\/www.google.fr\/maps\/place\/29+Rue+Desaugiers,+83600+Fr%C3%A9jus\/@43.4327649,6.7347731,17z\/data=!3m1!4b1!4m5!3m4!1s0x12cebd4e4548cd5b:0xab7dbd15fbc79be!8m2!3d43.4327649!4d6.7369618\" target=\"_blank\">\n\n\t\t\t\t\t\t\t\t\t\t\t\t<span class=\"elementor-icon-list-icon\">\n\t\t\t\t\t\t\t<i aria-hidden=\"true\" class=\"fas fa-map-marked-alt\"><\/i>\t\t\t\t\t\t<\/span>\n\t\t\t\t\t\t\t\t\t\t<span class=\"elementor-icon-list-text\">29 rue Desaugiers <br>83600 Fr\u00e9jus<\/span>\n\t\t\t\t\t\t\t\t\t\t\t<\/a>\n\t\t\t\t\t\t\t\t\t<\/li>\n\t\t\t\t\t\t<\/ul>\n\t\t\t\t\t\t<\/div>\n\t\t\t\t<\/div>\n\t\t\t\t<div class=\"elementor-element elementor-element-a27a572 elementor-widget elementor-widget-google_maps\" data-id=\"a27a572\" data-element_type=\"widget\" data-e-type=\"widget\" data-widget_type=\"google_maps.default\">\n\t\t\t\t<div class=\"elementor-widget-container\">\n\t\t\t\t\t\t\t<div class=\"elementor-custom-embed\">\n\t\t\t<iframe loading=\"lazy\"\n\t\t\t\t\tsrc=\"https:\/\/maps.google.com\/maps?q=29%20rue%20Desaugiers%20%2083600%20Fr%C3%A9jus&#038;t=m&#038;z=13&#038;output=embed&#038;iwloc=near\"\n\t\t\t\t\ttitle=\"29 rue Desaugiers  83600 Fr\u00e9jus\"\n\t\t\t\t\taria-label=\"29 rue Desaugiers  83600 Fr\u00e9jus\"\n\t\t\t><\/iframe>\n\t\t<\/div>\n\t\t\t\t\t\t<\/div>\n\t\t\t\t<\/div>\n\t\t\t\t\t<\/div>\n\t\t<\/div>\n\t\t\t\t\t<\/div>\n\t\t<\/section>\n\t\t\t\t\t<\/div>\n\t\t<\/div>\n\t\t\t\t\t<\/div>\n\t\t<\/section>\n\t\t\t\t<\/div>\n\t\t","protected":false},"excerpt":{"rendered":"<p>Nous contacter VTC M\u00e9diterran\u00e9e VTC chauffeur priv\u00e9 Fr\u00e9jus et Nice a\u00e9roport\/gare\/\u00e9v\u00e8nements Transports toute distance 7\/7 24\/24 vtc.mediterranee@gmail.com +33 (0)6 95 82 99 06 29 rue Desaugiers 83600 Fr\u00e9jus<\/p>\n","protected":false},"author":1,"featured_media":0,"parent":0,"menu_order":0,"comment_status":"closed","ping_status":"closed","template":"","meta":{"site-sidebar-layout":"no-sidebar","site-content-layout":"page-builder","ast-site-content-layout":"default","site-content-style":"default","site-sidebar-style":"default","ast-global-header-display":"","ast-banner-title-visibility":"","ast-main-header-display":"","ast-hfb-above-header-display":"","ast-hfb-below-header-display":"","ast-hfb-mobile-header-display":"","site-post-title":"disabled","ast-breadcrumbs-content":"","ast-featured-img":"disabled","footer-sml-layout":"","ast-disable-related-posts":"","theme-transparent-header-meta":"default","adv-header-id-meta":"","stick-header-meta":"","header-above-stick-meta":"","header-main-stick-meta":"","header-below-stick-meta":"","astra-migrate-meta-layouts":"default","ast-page-background-enabled":"default","ast-page-background-meta":{"desktop":{"background-color":"","background-image":"","background-repeat":"repeat","background-position":"center center","background-size":"auto","background-attachment":"scroll","background-type":"","background-media":"","overlay-type":"","overlay-color":"","overlay-opacity":"","overlay-gradient":""},"tablet":{"background-color":"","background-image":"","background-repeat":"repeat","background-position":"center center","background-size":"auto","background-attachment":"scroll","background-type":"","background-media":"","overlay-type":"","overlay-color":"","overlay-opacity":"","overlay-gradient":""},"mobile":{"background-color":"","background-image":"","background-repeat":"repeat","background-position":"center center","background-size":"auto","background-attachment":"scroll","background-type":"","background-media":"","overlay-type":"","overlay-color":"","overlay-opacity":"","overlay-gradient":""}},"ast-content-background-meta":{"desktop":{"background-color":"var(--ast-global-color-5)","background-image":"","background-repeat":"repeat","background-position":"center center","background-size":"auto","background-attachment":"scroll","background-type":"","background-media":"","overlay-type":"","overlay-color":"","overlay-opacity":"","overlay-gradient":""},"tablet":{"background-color":"var(--ast-global-color-5)","background-image":"","background-repeat":"repeat","background-position":"center center","background-size":"auto","background-attachment":"scroll","background-type":"","background-media":"","overlay-type":"","overlay-color":"","overlay-opacity":"","overlay-gradient":""},"mobile":{"background-color":"var(--ast-global-color-5)","background-image":"","background-repeat":"repeat","background-position":"center center","background-size":"auto","background-attachment":"scroll","background-type":"","background-media":"","overlay-type":"","overlay-color":"","overlay-opacity":"","overlay-gradient":""}},"footnotes":""},"class_list":["post-24","page","type-page","status-publish","hentry"],"yoast_head":"<!-- This site is optimized with the Yoast SEO plugin v27.3 - https:\/\/yoast.com\/product\/yoast-seo-wordpress\/ -->\n<title>Contactez votre vtc chauffeur priv\u00e9 \u00e0 Fr\u00e9jus et Nice<\/title>\n<meta name=\"description\" content=\"Contact VTC M\u00e9diterran\u00e9e, r\u00e9servation transferts a\u00e9roport de Nice vers Saint Tropez, Sainte Maxime, Fr\u00e9jus, Saint Raphael, Les Issambres...\" \/>\n<meta name=\"robots\" content=\"index, follow, max-snippet:-1, max-image-preview:large, max-video-preview:-1\" \/>\n<link rel=\"canonical\" href=\"https:\/\/niceairport-transfers.com\/fr\/contact\/\" \/>\n<meta property=\"og:locale\" content=\"fr_FR\" \/>\n<meta property=\"og:type\" content=\"article\" \/>\n<meta property=\"og:title\" content=\"Contactez votre vtc chauffeur priv\u00e9 \u00e0 Fr\u00e9jus et Nice\" \/>\n<meta property=\"og:description\" content=\"Contact VTC M\u00e9diterran\u00e9e, r\u00e9servation transferts a\u00e9roport de Nice vers Saint Tropez, Sainte Maxime, Fr\u00e9jus, Saint Raphael, Les Issambres...\" \/>\n<meta property=\"og:url\" content=\"https:\/\/niceairport-transfers.com\/fr\/contact\/\" \/>\n<meta property=\"og:site_name\" content=\"VTC M\u00e9diterrann\u00e9e\" \/>\n<meta property=\"article:publisher\" content=\"https:\/\/www.facebook.com\/vtc.frejus.mediterranee\" \/>\n<meta property=\"article:modified_time\" content=\"2022-02-09T13:24:37+00:00\" \/>\n<meta name=\"twitter:card\" content=\"summary_large_image\" \/>\n<meta name=\"twitter:label1\" content=\"Dur\u00e9e de lecture estim\u00e9e\" \/>\n\t<meta name=\"twitter:data1\" content=\"1 minute\" \/>\n<script type=\"application\/ld+json\" class=\"yoast-schema-graph\">{\"@context\":\"https:\\\/\\\/schema.org\",\"@graph\":[{\"@type\":\"WebPage\",\"@id\":\"https:\\\/\\\/niceairport-transfers.com\\\/contact\\\/\",\"url\":\"https:\\\/\\\/niceairport-transfers.com\\\/contact\\\/\",\"name\":\"Contactez votre vtc chauffeur priv\u00e9 \u00e0 Fr\u00e9jus et Nice\",\"isPartOf\":{\"@id\":\"https:\\\/\\\/niceairport-transfers.com\\\/fr\\\/#website\"},\"datePublished\":\"2018-02-12T14:48:23+00:00\",\"dateModified\":\"2022-02-09T13:24:37+00:00\",\"description\":\"Contact VTC M\u00e9diterran\u00e9e, r\u00e9servation transferts a\u00e9roport de Nice vers Saint Tropez, Sainte Maxime, Fr\u00e9jus, Saint Raphael, Les Issambres...\",\"breadcrumb\":{\"@id\":\"https:\\\/\\\/niceairport-transfers.com\\\/contact\\\/#breadcrumb\"},\"inLanguage\":\"fr-FR\",\"potentialAction\":[{\"@type\":\"ReadAction\",\"target\":[\"https:\\\/\\\/niceairport-transfers.com\\\/contact\\\/\"]}]},{\"@type\":\"BreadcrumbList\",\"@id\":\"https:\\\/\\\/niceairport-transfers.com\\\/contact\\\/#breadcrumb\",\"itemListElement\":[{\"@type\":\"ListItem\",\"position\":1,\"name\":\"Accueil\",\"item\":\"https:\\\/\\\/niceairport-transfers.com\\\/\"},{\"@type\":\"ListItem\",\"position\":2,\"name\":\"Contact\"}]},{\"@type\":\"WebSite\",\"@id\":\"https:\\\/\\\/niceairport-transfers.com\\\/fr\\\/#website\",\"url\":\"https:\\\/\\\/niceairport-transfers.com\\\/fr\\\/\",\"name\":\"VTC M\u00e9diterrann\u00e9e\",\"description\":\"transfert a\u00e9roport de Nice\",\"publisher\":{\"@id\":\"https:\\\/\\\/niceairport-transfers.com\\\/fr\\\/#organization\"},\"potentialAction\":[{\"@type\":\"SearchAction\",\"target\":{\"@type\":\"EntryPoint\",\"urlTemplate\":\"https:\\\/\\\/niceairport-transfers.com\\\/fr\\\/?s={search_term_string}\"},\"query-input\":{\"@type\":\"PropertyValueSpecification\",\"valueRequired\":true,\"valueName\":\"search_term_string\"}}],\"inLanguage\":\"fr-FR\"},{\"@type\":\"Organization\",\"@id\":\"https:\\\/\\\/niceairport-transfers.com\\\/fr\\\/#organization\",\"name\":\"VTC M\u00e9dit\u00e9rran\u00e9e\",\"url\":\"https:\\\/\\\/niceairport-transfers.com\\\/fr\\\/\",\"logo\":{\"@type\":\"ImageObject\",\"inLanguage\":\"fr-FR\",\"@id\":\"https:\\\/\\\/niceairport-transfers.com\\\/fr\\\/#\\\/schema\\\/logo\\\/image\\\/\",\"url\":\"https:\\\/\\\/niceairport-transfers.com\\\/wp-content\\\/uploads\\\/2021\\\/02\\\/logo-site.jpg\",\"contentUrl\":\"https:\\\/\\\/niceairport-transfers.com\\\/wp-content\\\/uploads\\\/2021\\\/02\\\/logo-site.jpg\",\"width\":631,\"height\":234,\"caption\":\"VTC M\u00e9dit\u00e9rran\u00e9e\"},\"image\":{\"@id\":\"https:\\\/\\\/niceairport-transfers.com\\\/fr\\\/#\\\/schema\\\/logo\\\/image\\\/\"},\"sameAs\":[\"https:\\\/\\\/www.facebook.com\\\/vtc.frejus.mediterranee\",\"https:\\\/\\\/www.instagram.com\\\/vtc_mediterranee.frejus\\\/\",\"https:\\\/\\\/www.linkedin.com\\\/in\\\/vtc-m\u00e9diterran\u00e9e-olivier-321a95190\\\/\"]}]}<\/script>\n<!-- \/ Yoast SEO plugin. -->","yoast_head_json":{"title":"Contactez votre vtc chauffeur priv\u00e9 \u00e0 Fr\u00e9jus et Nice","description":"Contact VTC M\u00e9diterran\u00e9e, r\u00e9servation transferts a\u00e9roport de Nice vers Saint Tropez, Sainte Maxime, Fr\u00e9jus, Saint Raphael, Les Issambres...","robots":{"index":"index","follow":"follow","max-snippet":"max-snippet:-1","max-image-preview":"max-image-preview:large","max-video-preview":"max-video-preview:-1"},"canonical":"https:\/\/niceairport-transfers.com\/fr\/contact\/","og_locale":"fr_FR","og_type":"article","og_title":"Contactez votre vtc chauffeur priv\u00e9 \u00e0 Fr\u00e9jus et Nice","og_description":"Contact VTC M\u00e9diterran\u00e9e, r\u00e9servation transferts a\u00e9roport de Nice vers Saint Tropez, Sainte Maxime, Fr\u00e9jus, Saint Raphael, Les Issambres...","og_url":"https:\/\/niceairport-transfers.com\/fr\/contact\/","og_site_name":"VTC M\u00e9diterrann\u00e9e","article_publisher":"https:\/\/www.facebook.com\/vtc.frejus.mediterranee","article_modified_time":"2022-02-09T13:24:37+00:00","twitter_card":"summary_large_image","twitter_misc":{"Dur\u00e9e de lecture estim\u00e9e":"1 minute"},"schema":{"@context":"https:\/\/schema.org","@graph":[{"@type":"WebPage","@id":"https:\/\/niceairport-transfers.com\/contact\/","url":"https:\/\/niceairport-transfers.com\/contact\/","name":"Contactez votre vtc chauffeur priv\u00e9 \u00e0 Fr\u00e9jus et Nice","isPartOf":{"@id":"https:\/\/niceairport-transfers.com\/fr\/#website"},"datePublished":"2018-02-12T14:48:23+00:00","dateModified":"2022-02-09T13:24:37+00:00","description":"Contact VTC M\u00e9diterran\u00e9e, r\u00e9servation transferts a\u00e9roport de Nice vers Saint Tropez, Sainte Maxime, Fr\u00e9jus, Saint Raphael, Les Issambres...","breadcrumb":{"@id":"https:\/\/niceairport-transfers.com\/contact\/#breadcrumb"},"inLanguage":"fr-FR","potentialAction":[{"@type":"ReadAction","target":["https:\/\/niceairport-transfers.com\/contact\/"]}]},{"@type":"BreadcrumbList","@id":"https:\/\/niceairport-transfers.com\/contact\/#breadcrumb","itemListElement":[{"@type":"ListItem","position":1,"name":"Accueil","item":"https:\/\/niceairport-transfers.com\/"},{"@type":"ListItem","position":2,"name":"Contact"}]},{"@type":"WebSite","@id":"https:\/\/niceairport-transfers.com\/fr\/#website","url":"https:\/\/niceairport-transfers.com\/fr\/","name":"VTC M\u00e9diterrann\u00e9e","description":"transfert a\u00e9roport de Nice","publisher":{"@id":"https:\/\/niceairport-transfers.com\/fr\/#organization"},"potentialAction":[{"@type":"SearchAction","target":{"@type":"EntryPoint","urlTemplate":"https:\/\/niceairport-transfers.com\/fr\/?s={search_term_string}"},"query-input":{"@type":"PropertyValueSpecification","valueRequired":true,"valueName":"search_term_string"}}],"inLanguage":"fr-FR"},{"@type":"Organization","@id":"https:\/\/niceairport-transfers.com\/fr\/#organization","name":"VTC M\u00e9dit\u00e9rran\u00e9e","url":"https:\/\/niceairport-transfers.com\/fr\/","logo":{"@type":"ImageObject","inLanguage":"fr-FR","@id":"https:\/\/niceairport-transfers.com\/fr\/#\/schema\/logo\/image\/","url":"https:\/\/niceairport-transfers.com\/wp-content\/uploads\/2021\/02\/logo-site.jpg","contentUrl":"https:\/\/niceairport-transfers.com\/wp-content\/uploads\/2021\/02\/logo-site.jpg","width":631,"height":234,"caption":"VTC M\u00e9dit\u00e9rran\u00e9e"},"image":{"@id":"https:\/\/niceairport-transfers.com\/fr\/#\/schema\/logo\/image\/"},"sameAs":["https:\/\/www.facebook.com\/vtc.frejus.mediterranee","https:\/\/www.instagram.com\/vtc_mediterranee.frejus\/","https:\/\/www.linkedin.com\/in\/vtc-m\u00e9diterran\u00e9e-olivier-321a95190\/"]}]}},"_links":{"self":[{"href":"https:\/\/niceairport-transfers.com\/fr\/wp-json\/wp\/v2\/pages\/24","targetHints":{"allow":["GET"]}}],"collection":[{"href":"https:\/\/niceairport-transfers.com\/fr\/wp-json\/wp\/v2\/pages"}],"about":[{"href":"https:\/\/niceairport-transfers.com\/fr\/wp-json\/wp\/v2\/types\/page"}],"author":[{"embeddable":true,"href":"https:\/\/niceairport-transfers.com\/fr\/wp-json\/wp\/v2\/users\/1"}],"replies":[{"embeddable":true,"href":"https:\/\/niceairport-transfers.com\/fr\/wp-json\/wp\/v2\/comments?post=24"}],"version-history":[{"count":31,"href":"https:\/\/niceairport-transfers.com\/fr\/wp-json\/wp\/v2\/pages\/24\/revisions"}],"predecessor-version":[{"id":2053,"href":"https:\/\/niceairport-transfers.com\/fr\/wp-json\/wp\/v2\/pages\/24\/revisions\/2053"}],"wp:attachment":[{"href":"https:\/\/niceairport-transfers.com\/fr\/wp-json\/wp\/v2\/media?parent=24"}],"curies":[{"name":"wp","href":"https:\/\/api.w.org\/{rel}","templated":true}]}}