{"id":1427,"date":"2021-02-09T19:26:42","date_gmt":"2021-02-09T18:26:42","guid":{"rendered":"https:\/\/niceairport-transfers.com\/?page_id=1427"},"modified":"2021-04-07T10:40:27","modified_gmt":"2021-04-07T08:40:27","slug":"cgv","status":"publish","type":"page","link":"https:\/\/niceairport-transfers.com\/en\/cgv\/","title":{"rendered":"CGV"},"content":{"rendered":"<div data-elementor-type=\"wp-page\" data-elementor-id=\"1427\" class=\"elementor elementor-1427\">\n\t\t\t\t\t\t<section class=\"elementor-section elementor-top-section elementor-element elementor-element-593c917 elementor-section-boxed elementor-section-height-default elementor-section-height-default\" data-id=\"593c917\" data-element_type=\"section\" data-e-type=\"section\">\n\t\t\t\t\t\t<div class=\"elementor-container elementor-column-gap-default\">\n\t\t\t\t\t<div class=\"elementor-column elementor-col-100 elementor-top-column elementor-element elementor-element-0a3f0bd\" data-id=\"0a3f0bd\" data-element_type=\"column\" data-e-type=\"column\">\n\t\t\t<div class=\"elementor-widget-wrap elementor-element-populated\">\n\t\t\t\t\t\t<div class=\"elementor-element elementor-element-eff8657 elementor-widget elementor-widget-text-editor\" data-id=\"eff8657\" data-element_type=\"widget\" data-e-type=\"widget\" data-widget_type=\"text-editor.default\">\n\t\t\t\t<div class=\"elementor-widget-container\">\n\t\t\t\t\t\t\t\t\t<h2>Terms of Sales<\/h2>\n<p>The Vtc M\u00e9diterran\u00e9e company provides transport services by means of Transport Vehicles with Driver (VTC), exclusively by reservation and at a previously defined price. The head office of Vtc M\u00e9diterran\u00e9e is located at 29 rue Marc Antoine D\u00e9saugiers 83600 Fr\u00e9jus The company Vtc M\u00e9diterran\u00e9e is registered in the trade register under number RC 851 079 533 and in the Register of Transport Car Operators with Driver of the Ministry of Environment, Energy and the Sea num: EVTC 083 90041<\/p>\n<p><\/p>\n<p><b>1. OBJECT<\/b><\/p>\n<p>The purpose of these General Conditions is to define the conditions applicable to the transport service contracts concluded between VTC M\u00e9diterran\u00e9e and its customers. By using the services of VTC M\u00e9diterran\u00e9e, the Customer is presumed to have read these General Conditions of Sale and to have fully accepted them.<\/p>\n<p><\/p>\n<p><b>2 - FORMATION OF THE TRANSPORT SERVICE CONTRACT<\/b><\/p>\n<p><\/p>\n<p>The Customer can request a service 24 hours a day, 7 days a week on the website https:\/\/niceairport-transfers.com or by telephone on 06 95 82 99 06. The customer provides all the information concerning his service request . He is solely responsible for this information, the following of which are considered essential to the contract: date of the transport service, place of pick-up, drop-off location, pick-up time, number of passengers (adult \/ child), choice of the vehicle (van or sedan), number of baggage (s), type of service (transfer, provision). VTC M\u00e9diterran\u00e9e sets the price of the service based in particular on the information provided by the Customer.<\/p>\n<p><\/p>\n<p>Payment of the price is made by credit card via a secure electronic system. By providing their bank details, the customer accepts in advance and unconditionally that VTC M\u00e9diterran\u00e9e proceeds with the secure transaction and authorizes their bank in advance to debit their account for the amount of the service. After confirmation by the Customer of his request for the service and payment of the price, VTC M\u00e9diterran\u00e9e sends him, in return, exclusively by email, a booking voucher summarizing the information related to the service. The customer is responsible for verifying the information on the booking voucher. In the event that VTC M\u00e9diterran\u00e9e is unable to send the said reservation voucher by email, the reservation is presumed to comply with the customer's request.<\/p>\n<p><\/p>\n<p><b>3 - PRICES<\/b><\/p>\n<p>VTC M\u00e9diterran\u00e9e sets the price of the service based in particular on the information provided by the Customer. The prices indicated in our tariffs are not subject to VAT (VAT not applicable according to article 293 B of the General Tax Code), the driver service, fuel and unlimited insurance of the transported persons, tolls are included in the transport .<strong>article<\/strong>&nbsp;293 B du Code G\u00e9n\u00e9ral des Imp\u00f4ts&nbsp;), le service chauffeur, le carburant et les assurances illimit\u00e9es des personnes transport\u00e9es, les p\u00e9ages sont inclus dans le transport.<\/p>\n<p>Parking costs are not included in the service.<\/p>\n<p><\/p>\n<p><b>4 - RULES<\/b><\/p>\n<p><\/p>\n<p>Methods of payment accepted: Cash, bank cards (Visa, MasterCard). Any transport service by transfer or provision is payable when ordering.<\/p>\n<p><\/p>\n<p><b>5 - RESERVATION AND CANCELLATION<\/b><\/p>\n<p><\/p>\n<p><b>5 \u2013 1 \u2013 R\u00c9SERVATION :<\/b><\/p>\n<p><\/p>\n<p>Any reservation implies unreserved acceptance of these general conditions of sale. The customer and the service provider undertake to comply with all the clauses mentioned in this contract. No modification may be made to the above conditions except by prior agreement between the parties. This contract would be suspended or canceled automatically and without compensation of any kind in all cases recognized as force majeure (event outside VTC M\u00e9diterran\u00e9e) such as disruption of traffic lanes, bad weather, demonstration, accident. , breakdown or malfunction of telecommunications networks, shortage of manpower or equipment, etc. The contract is not deemed to have been concluded until payment for the order has been received. Otherwise, it automatically lapses.<\/p>\n<p><\/p>\n<p>Any reservation of a car with driver is mandatory and must be made at least 24 hours in advance through the website or at the last minute by telephone depending on availability.<\/p>\n<p><\/p>\n<p>Particularity for a pick-up at the station and airport:<\/p>\n<p><\/p>\n<p>As soon as you arrive, switch on your cell phone.<\/p>\n<p>Please note in \u201cadditional information\u201d when booking the flight or train number.<\/p>\n<p>For flights, if you do not have checked baggage, the 15-minute wait included in the ride is usually sufficient. However, if you need to collect checked baggage and \/ or if you come from a non-European destination, the time it takes to leave the plane, baggage claim and the possible control of the police require rather long delays. .<\/p>\n<p><\/p>\n<p>To avoid having to pay a wait, we recommend that you add a 30-minute delay.<\/p>\n<p><\/p>\n<p><b>5 - 2 - CANCELLATION:<\/b><\/p>\n<p><\/p>\n<p>A reservation can be canceled by the customer, before the pick-up time indicated in the booking form, by e-mail only to vtc.mediterranee@gmail.com<\/p>\n<p><\/p>\n<p>80% refund if the cancellation occurs more than 48 hours before the pick-up time<\/p>\n<p>50% refund if the cancellation occurs more than 24 hours before the pick-up time<\/p>\n<p>0% refund if the cancellation occurs less than 24 hours before the pick-up time.<\/p>\n<p><b>5 - 3 - PRICE INCREASE \/ DELAY<\/b><\/p>\n<p><\/p>\n<p>Any delay by the passenger (s) in relation to the pick-up time indicated in the booking voucher will result in an increase in the price of the service, in the event that the customer informs the driver by telephone on 06 95 82 99 06, as follows:<\/p>\n<p><\/p>\n<p>More than 15 minutes late: 10 euros<\/p>\n<p>More than 30 minutes late: 25 euros<\/p>\n<p>For any additional half hour late: 25 euros<\/p>\n<p>The payment of these increases is made at the latest when the passenger (s) get into the vehicle.<\/p>\n<p><\/p>\n<p>In the event of the customer's absence from the meeting place, beyond the first 15 free minutes, without any manifestation on his part, or an answer to the driver's phone call, the service will be permanently lost, without the possibility of postponement and without being able to claim any reimbursement.<\/p>\n<p><\/p>\n<p><b>6 - QUALITY OF SERVICE<\/b><\/p>\n<p><\/p>\n<p>The transport of people for a fee is a regulated activity. Only authorized vehicles can perform this service and:<\/p>\n<p><\/p>\n<p>Provided with a professional card number issued by the prefecture.<\/p>\n<p>Provided with a registration certificate issued by the Ministry of Ecology, Sustainable Development and Energy, Office of the organization of passenger road transport \/ VTC pole<\/p>\n<p>Equipped with a registration badge affixed to the vehicle's windshield.<\/p>\n<p>VTC M\u00e9diterran\u00e9e undertakes to provide or have performed the transport services in accordance with the booking form and in compliance with all regulations and legislation in force.<\/p>\n<p><\/p>\n<p>In the event of subcontracting, the VTC M\u00e9diterran\u00e9e company ensures that the people and companies it uses meet the same conditions.<\/p>\n<p><\/p>\n<p><b>7 - RESPONSIBILITIES<\/b><\/p>\n<p><\/p>\n<p>VTC M\u00e9diterran\u00e9e is guaranteed by a well-known solvent insurance company which covers the risks associated with its activity in accordance with the regulations in force.<\/p>\n<p><\/p>\n<p>In the event of a dispute, the responsibility of the VTC M\u00e9diterran\u00e9e company can only be accepted on the condition that the Customer provides proof of faulty behavior by the latter and of a causal link with the alleged damage.<\/p>\n<p><\/p>\n<p>The unlimited Multirisk insurance of the VTC M\u00e9diterran\u00e9e company covers the responsibilities related to the company.<\/p>\n<p><\/p>\n<p>The customer is responsible for his acts legally and criminally.<\/p>\n<p><\/p>\n<p><b>7 - 1 - RESPONSIBILITY OF THE CUSTOMER AND OF THE CARRIED PERSONS<\/b><\/p>\n<p><\/p>\n<p>The customer undertakes for himself and for the passengers for whom he has contracted with VTC M\u00e9diterran\u00e9e to behave like a good father from the pick-up, in particular, respecting the driver and the transport equipment as well as the following provisions:<\/p>\n<p><\/p>\n<p>Compliance with the rules of the Highway Code (wearing a seat belt, car seat, booster, etc.),<\/p>\n<p>No smoking, eating and transporting hazardous materials. If necessary, your driver will stop on the route.<\/p>\n<p>Prohibition on consuming alcohol on board the vehicle,<\/p>\n<p>Luggage is accepted and remains the responsibility of the customer. The VTC M\u00e9diterran\u00e9e company cannot be held responsible in the event of damage and \/ or loss of luggage or electronic device (phone, tablet, etc.).<\/p>\n<p>Any damage to the vehicle, due to the customer, will be fully at his expense<\/p>\n<p>For all other damage resulting in immobilization of the vehicle: - Actual invoicing + Fixed costs + Loss of revenue over an average of the last 3 months. In the event of degradation leading to cancellation of the following service, a fixed package of \u20ac 180.00 will be applied in addition, payable immediately by credit card.<\/p>\n<p>Cleaning in the event of vomiting will be invoiced at \u20ac 150.00 including tax in addition to the service payable immediately by credit card.<\/p>\n<p>Small pets are accepted, provided they are in a transport cage. Large service dogs are allowed.<\/p>\n<p>Failure to comply with these provisions engages the exclusive responsibility of the customer and passengers both with regard to VTC M\u00e9diterran\u00e9e and third parties. The VTC M\u00e9diterran\u00e9e company declines all responsibility for the actions of its client before and after its transport. VTC M\u00e9diterran\u00e9e reserves the right to refuse to take charge of, or to disembark, a passenger who does not comply with these obligations, as well as a passenger with alcohol.<\/p>\n<p><\/p>\n<p><b>7 - 2 - CLAIMS<\/b><\/p>\n<p><\/p>\n<p>Any complaint is only admissible within 5 days of the execution of the transport service concerned. Anything different comes from the Courts instead of the Headquarters of the VTC M\u00e9diterran\u00e9e company.<\/p>\n<p><\/p>\n<p><b>8 - PROVISION \/ TRANSFER<\/b><\/p>\n<p><\/p>\n<p><b>8 - 1 - TRANSFER:<\/b><\/p>\n<p><\/p>\n<p>The transfer service begins at the address of the head office of the VTC M\u00e9diterran\u00e9e company and ends upon the customer's arrival at the address provided.<\/p>\n<p><\/p>\n<p><b>8 - 2 - PROVISION:<\/b><\/p>\n<p><\/p>\n<p>Provision: transport is limited in mileage as part of provision by the hour:<\/p>\n<p><\/p>\n<p>25 kilometers for 1 hour of provision,<\/p>\n<p>125 kilometers for 5 hours of availability.<\/p>\n<p>Any hour started is due in full.<\/p>\n<p><\/p>\n<h2>&nbsp;<\/h2>\t\t\t\t\t\t\t\t<\/div>\n\t\t\t\t<\/div>\n\t\t\t\t\t<\/div>\n\t\t<\/div>\n\t\t\t\t\t<\/div>\n\t\t<\/section>\n\t\t\t\t<\/div>","protected":false},"excerpt":{"rendered":"<p>Conditions G\u00e9n\u00e9rales de Vente L\u2019entreprise Vtc M\u00e9diterran\u00e9e effectue des prestations de transport au moyen de V\u00e9hicules de Transport avec Chauffeur (VTC), exclusivement sur r\u00e9servation et \u00e0 un prix pr\u00e9alablement d\u00e9fini. Le si\u00e8ge social de Vtc M\u00e9diterran\u00e9e est situ\u00e9 au 29 rue Marc Antoine D\u00e9saugiers &nbsp;83600 Fr\u00e9jus L\u2019entreprise Vtc M\u00e9diterran\u00e9e est immatricul\u00e9e au registre du commerce [&hellip;]<\/p>\n","protected":false},"author":1,"featured_media":0,"parent":0,"menu_order":0,"comment_status":"closed","ping_status":"closed","template":"","meta":{"site-sidebar-layout":"no-sidebar","site-content-layout":"page-builder","ast-site-content-layout":"default","site-content-style":"default","site-sidebar-style":"default","ast-global-header-display":"","ast-banner-title-visibility":"","ast-main-header-display":"","ast-hfb-above-header-display":"","ast-hfb-below-header-display":"","ast-hfb-mobile-header-display":"","site-post-title":"disabled","ast-breadcrumbs-content":"","ast-featured-img":"disabled","footer-sml-layout":"","ast-disable-related-posts":"","theme-transparent-header-meta":"default","adv-header-id-meta":"","stick-header-meta":"","header-above-stick-meta":"","header-main-stick-meta":"","header-below-stick-meta":"","astra-migrate-meta-layouts":"default","ast-page-background-enabled":"default","ast-page-background-meta":{"desktop":{"background-color":"","background-image":"","background-repeat":"repeat","background-position":"center center","background-size":"auto","background-attachment":"scroll","background-type":"","background-media":"","overlay-type":"","overlay-color":"","overlay-opacity":"","overlay-gradient":""},"tablet":{"background-color":"","background-image":"","background-repeat":"repeat","background-position":"center center","background-size":"auto","background-attachment":"scroll","background-type":"","background-media":"","overlay-type":"","overlay-color":"","overlay-opacity":"","overlay-gradient":""},"mobile":{"background-color":"","background-image":"","background-repeat":"repeat","background-position":"center center","background-size":"auto","background-attachment":"scroll","background-type":"","background-media":"","overlay-type":"","overlay-color":"","overlay-opacity":"","overlay-gradient":""}},"ast-content-background-meta":{"desktop":{"background-color":"var(--ast-global-color-5)","background-image":"","background-repeat":"repeat","background-position":"center center","background-size":"auto","background-attachment":"scroll","background-type":"","background-media":"","overlay-type":"","overlay-color":"","overlay-opacity":"","overlay-gradient":""},"tablet":{"background-color":"var(--ast-global-color-5)","background-image":"","background-repeat":"repeat","background-position":"center center","background-size":"auto","background-attachment":"scroll","background-type":"","background-media":"","overlay-type":"","overlay-color":"","overlay-opacity":"","overlay-gradient":""},"mobile":{"background-color":"var(--ast-global-color-5)","background-image":"","background-repeat":"repeat","background-position":"center center","background-size":"auto","background-attachment":"scroll","background-type":"","background-media":"","overlay-type":"","overlay-color":"","overlay-opacity":"","overlay-gradient":""}},"footnotes":""},"class_list":["post-1427","page","type-page","status-publish","hentry"],"yoast_head":"<!-- This site is optimized with the Yoast SEO plugin v27.4 - https:\/\/yoast.com\/product\/yoast-seo-wordpress\/ -->\n<title>CGV - VTC M\u00e9diterrann\u00e9e<\/title>\n<meta name=\"robots\" content=\"noindex, nofollow\" \/>\n<meta property=\"og:locale\" content=\"en_GB\" \/>\n<meta property=\"og:type\" content=\"article\" \/>\n<meta property=\"og:title\" content=\"CGV - VTC M\u00e9diterrann\u00e9e\" \/>\n<meta property=\"og:description\" content=\"Conditions G\u00e9n\u00e9rales de Vente L\u2019entreprise Vtc M\u00e9diterran\u00e9e effectue des prestations de transport au moyen de V\u00e9hicules de Transport avec Chauffeur (VTC), exclusivement sur r\u00e9servation et \u00e0 un prix pr\u00e9alablement d\u00e9fini. Le si\u00e8ge social de Vtc M\u00e9diterran\u00e9e est situ\u00e9 au 29 rue Marc Antoine D\u00e9saugiers &nbsp;83600 Fr\u00e9jus L\u2019entreprise Vtc M\u00e9diterran\u00e9e est immatricul\u00e9e au registre du commerce [&hellip;]\" \/>\n<meta property=\"og:url\" content=\"https:\/\/niceairport-transfers.com\/en\/cgv\/\" \/>\n<meta property=\"og:site_name\" content=\"VTC M\u00e9diterrann\u00e9e\" \/>\n<meta property=\"article:publisher\" content=\"https:\/\/www.facebook.com\/vtc.frejus.mediterranee\" \/>\n<meta property=\"article:modified_time\" content=\"2021-04-07T08:40:27+00:00\" \/>\n<meta name=\"twitter:card\" content=\"summary_large_image\" \/>\n<meta name=\"twitter:label1\" content=\"Estimated reading time\" \/>\n\t<meta name=\"twitter:data1\" content=\"8 minutes\" \/>\n<script type=\"application\/ld+json\" class=\"yoast-schema-graph\">{\"@context\":\"https:\\\/\\\/schema.org\",\"@graph\":[{\"@type\":\"WebPage\",\"@id\":\"https:\\\/\\\/niceairport-transfers.com\\\/fr\\\/cgv\\\/\",\"url\":\"https:\\\/\\\/niceairport-transfers.com\\\/fr\\\/cgv\\\/\",\"name\":\"CGV - VTC M\u00e9diterrann\u00e9e\",\"isPartOf\":{\"@id\":\"https:\\\/\\\/niceairport-transfers.com\\\/fr\\\/#website\"},\"datePublished\":\"2021-02-09T18:26:42+00:00\",\"dateModified\":\"2021-04-07T08:40:27+00:00\",\"breadcrumb\":{\"@id\":\"https:\\\/\\\/niceairport-transfers.com\\\/fr\\\/cgv\\\/#breadcrumb\"},\"inLanguage\":\"en-GB\",\"potentialAction\":[{\"@type\":\"ReadAction\",\"target\":[\"https:\\\/\\\/niceairport-transfers.com\\\/fr\\\/cgv\\\/\"]}]},{\"@type\":\"BreadcrumbList\",\"@id\":\"https:\\\/\\\/niceairport-transfers.com\\\/fr\\\/cgv\\\/#breadcrumb\",\"itemListElement\":[{\"@type\":\"ListItem\",\"position\":1,\"name\":\"Accueil\",\"item\":\"https:\\\/\\\/niceairport-transfers.com\\\/\"},{\"@type\":\"ListItem\",\"position\":2,\"name\":\"CGV\"}]},{\"@type\":\"WebSite\",\"@id\":\"https:\\\/\\\/niceairport-transfers.com\\\/fr\\\/#website\",\"url\":\"https:\\\/\\\/niceairport-transfers.com\\\/fr\\\/\",\"name\":\"VTC M\u00e9diterrann\u00e9e\",\"description\":\"transfert a\u00e9roport de Nice\",\"publisher\":{\"@id\":\"https:\\\/\\\/niceairport-transfers.com\\\/fr\\\/#organization\"},\"potentialAction\":[{\"@type\":\"SearchAction\",\"target\":{\"@type\":\"EntryPoint\",\"urlTemplate\":\"https:\\\/\\\/niceairport-transfers.com\\\/fr\\\/?s={search_term_string}\"},\"query-input\":{\"@type\":\"PropertyValueSpecification\",\"valueRequired\":true,\"valueName\":\"search_term_string\"}}],\"inLanguage\":\"en-GB\"},{\"@type\":\"Organization\",\"@id\":\"https:\\\/\\\/niceairport-transfers.com\\\/fr\\\/#organization\",\"name\":\"VTC M\u00e9dit\u00e9rran\u00e9e\",\"url\":\"https:\\\/\\\/niceairport-transfers.com\\\/fr\\\/\",\"logo\":{\"@type\":\"ImageObject\",\"inLanguage\":\"en-GB\",\"@id\":\"https:\\\/\\\/niceairport-transfers.com\\\/fr\\\/#\\\/schema\\\/logo\\\/image\\\/\",\"url\":\"https:\\\/\\\/niceairport-transfers.com\\\/wp-content\\\/uploads\\\/2021\\\/02\\\/logo-site.jpg\",\"contentUrl\":\"https:\\\/\\\/niceairport-transfers.com\\\/wp-content\\\/uploads\\\/2021\\\/02\\\/logo-site.jpg\",\"width\":631,\"height\":234,\"caption\":\"VTC M\u00e9dit\u00e9rran\u00e9e\"},\"image\":{\"@id\":\"https:\\\/\\\/niceairport-transfers.com\\\/fr\\\/#\\\/schema\\\/logo\\\/image\\\/\"},\"sameAs\":[\"https:\\\/\\\/www.facebook.com\\\/vtc.frejus.mediterranee\",\"https:\\\/\\\/www.instagram.com\\\/vtc_mediterranee.frejus\\\/\",\"https:\\\/\\\/www.linkedin.com\\\/in\\\/vtc-m\u00e9diterran\u00e9e-olivier-321a95190\\\/\"]}]}<\/script>\n<!-- \/ Yoast SEO plugin. -->","yoast_head_json":{"title":"CGV - VTC M\u00e9diterrann\u00e9e","robots":{"index":"noindex","follow":"nofollow"},"og_locale":"en_GB","og_type":"article","og_title":"CGV - VTC M\u00e9diterrann\u00e9e","og_description":"Conditions G\u00e9n\u00e9rales de Vente L\u2019entreprise Vtc M\u00e9diterran\u00e9e effectue des prestations de transport au moyen de V\u00e9hicules de Transport avec Chauffeur (VTC), exclusivement sur r\u00e9servation et \u00e0 un prix pr\u00e9alablement d\u00e9fini. Le si\u00e8ge social de Vtc M\u00e9diterran\u00e9e est situ\u00e9 au 29 rue Marc Antoine D\u00e9saugiers &nbsp;83600 Fr\u00e9jus L\u2019entreprise Vtc M\u00e9diterran\u00e9e est immatricul\u00e9e au registre du commerce [&hellip;]","og_url":"https:\/\/niceairport-transfers.com\/en\/cgv\/","og_site_name":"VTC M\u00e9diterrann\u00e9e","article_publisher":"https:\/\/www.facebook.com\/vtc.frejus.mediterranee","article_modified_time":"2021-04-07T08:40:27+00:00","twitter_card":"summary_large_image","twitter_misc":{"Estimated reading time":"8 minutes"},"schema":{"@context":"https:\/\/schema.org","@graph":[{"@type":"WebPage","@id":"https:\/\/niceairport-transfers.com\/fr\/cgv\/","url":"https:\/\/niceairport-transfers.com\/fr\/cgv\/","name":"CGV - VTC M\u00e9diterrann\u00e9e","isPartOf":{"@id":"https:\/\/niceairport-transfers.com\/fr\/#website"},"datePublished":"2021-02-09T18:26:42+00:00","dateModified":"2021-04-07T08:40:27+00:00","breadcrumb":{"@id":"https:\/\/niceairport-transfers.com\/fr\/cgv\/#breadcrumb"},"inLanguage":"en-GB","potentialAction":[{"@type":"ReadAction","target":["https:\/\/niceairport-transfers.com\/fr\/cgv\/"]}]},{"@type":"BreadcrumbList","@id":"https:\/\/niceairport-transfers.com\/fr\/cgv\/#breadcrumb","itemListElement":[{"@type":"ListItem","position":1,"name":"Accueil","item":"https:\/\/niceairport-transfers.com\/"},{"@type":"ListItem","position":2,"name":"CGV"}]},{"@type":"WebSite","@id":"https:\/\/niceairport-transfers.com\/fr\/#website","url":"https:\/\/niceairport-transfers.com\/fr\/","name":"VTC M\u00e9diterrann\u00e9e","description":"transfert a\u00e9roport de Nice","publisher":{"@id":"https:\/\/niceairport-transfers.com\/fr\/#organization"},"potentialAction":[{"@type":"SearchAction","target":{"@type":"EntryPoint","urlTemplate":"https:\/\/niceairport-transfers.com\/fr\/?s={search_term_string}"},"query-input":{"@type":"PropertyValueSpecification","valueRequired":true,"valueName":"search_term_string"}}],"inLanguage":"en-GB"},{"@type":"Organization","@id":"https:\/\/niceairport-transfers.com\/fr\/#organization","name":"VTC M\u00e9dit\u00e9rran\u00e9e","url":"https:\/\/niceairport-transfers.com\/fr\/","logo":{"@type":"ImageObject","inLanguage":"en-GB","@id":"https:\/\/niceairport-transfers.com\/fr\/#\/schema\/logo\/image\/","url":"https:\/\/niceairport-transfers.com\/wp-content\/uploads\/2021\/02\/logo-site.jpg","contentUrl":"https:\/\/niceairport-transfers.com\/wp-content\/uploads\/2021\/02\/logo-site.jpg","width":631,"height":234,"caption":"VTC M\u00e9dit\u00e9rran\u00e9e"},"image":{"@id":"https:\/\/niceairport-transfers.com\/fr\/#\/schema\/logo\/image\/"},"sameAs":["https:\/\/www.facebook.com\/vtc.frejus.mediterranee","https:\/\/www.instagram.com\/vtc_mediterranee.frejus\/","https:\/\/www.linkedin.com\/in\/vtc-m\u00e9diterran\u00e9e-olivier-321a95190\/"]}]}},"_links":{"self":[{"href":"https:\/\/niceairport-transfers.com\/en\/wp-json\/wp\/v2\/pages\/1427","targetHints":{"allow":["GET"]}}],"collection":[{"href":"https:\/\/niceairport-transfers.com\/en\/wp-json\/wp\/v2\/pages"}],"about":[{"href":"https:\/\/niceairport-transfers.com\/en\/wp-json\/wp\/v2\/types\/page"}],"author":[{"embeddable":true,"href":"https:\/\/niceairport-transfers.com\/en\/wp-json\/wp\/v2\/users\/1"}],"replies":[{"embeddable":true,"href":"https:\/\/niceairport-transfers.com\/en\/wp-json\/wp\/v2\/comments?post=1427"}],"version-history":[{"count":8,"href":"https:\/\/niceairport-transfers.com\/en\/wp-json\/wp\/v2\/pages\/1427\/revisions"}],"predecessor-version":[{"id":1775,"href":"https:\/\/niceairport-transfers.com\/en\/wp-json\/wp\/v2\/pages\/1427\/revisions\/1775"}],"wp:attachment":[{"href":"https:\/\/niceairport-transfers.com\/en\/wp-json\/wp\/v2\/media?parent=1427"}],"curies":[{"name":"wp","href":"https:\/\/api.w.org\/{rel}","templated":true}]}}