{"id":22,"date":"2018-02-12T14:48:01","date_gmt":"2018-02-12T13:48:01","guid":{"rendered":"http:\/\/niceairport-transfers.com\/courses\/"},"modified":"2021-04-18T20:23:18","modified_gmt":"2021-04-18T18:23:18","slug":"transferts","status":"publish","type":"page","link":"http:\/\/niceairport-transfers.com\/fr\/transferts\/","title":{"rendered":"Transferts"},"content":{"rendered":"\t\t<div data-elementor-type=\"wp-post\" data-elementor-id=\"22\" class=\"elementor elementor-22\">\n\t\t\t\t\t\t<section class=\"elementor-section elementor-top-section elementor-element elementor-element-662c331 elementor-section-boxed elementor-section-height-default elementor-section-height-default\" data-id=\"662c331\" data-element_type=\"section\" data-e-type=\"section\" data-settings=\"{&quot;background_background&quot;:&quot;classic&quot;}\">\n\t\t\t\t\t\t<div class=\"elementor-container elementor-column-gap-default\">\n\t\t\t\t\t<div class=\"elementor-column elementor-col-25 elementor-top-column elementor-element elementor-element-5b96a36\" data-id=\"5b96a36\" data-element_type=\"column\" data-e-type=\"column\">\n\t\t\t<div class=\"elementor-widget-wrap elementor-element-populated\">\n\t\t\t\t\t\t<div class=\"elementor-element elementor-element-bfdb8da elementor-widget elementor-widget-premium-addon-banner\" data-id=\"bfdb8da\" data-element_type=\"widget\" data-e-type=\"widget\" data-widget_type=\"premium-addon-banner.default\">\n\t\t\t\t<div class=\"elementor-widget-container\">\n\t\t\t\t\t\t\t<div class=\"premium-banner-ib premium-banner-min-height premium-banner-animation1 scale premium-banner__effect-type2\">\n\t\t\t\t\t\t\t\t\t\t<img fetchpriority=\"high\" decoding=\"async\" width=\"759\" height=\"759\" src=\"https:\/\/niceairport-transfers.com\/wp-content\/uploads\/2021\/02\/transfert_aeroport_nice-1.jpg\" class=\"attachment-large size-large wp-image-1047\" alt=\"\" srcset=\"https:\/\/niceairport-transfers.com\/wp-content\/uploads\/2021\/02\/transfert_aeroport_nice-1.jpg 759w, https:\/\/niceairport-transfers.com\/wp-content\/uploads\/2021\/02\/transfert_aeroport_nice-1-300x300.jpg 300w, https:\/\/niceairport-transfers.com\/wp-content\/uploads\/2021\/02\/transfert_aeroport_nice-1-150x150.jpg 150w, https:\/\/niceairport-transfers.com\/wp-content\/uploads\/2021\/02\/transfert_aeroport_nice-1-12x12.jpg 12w, https:\/\/niceairport-transfers.com\/wp-content\/uploads\/2021\/02\/transfert_aeroport_nice-1-600x600.jpg 600w, https:\/\/niceairport-transfers.com\/wp-content\/uploads\/2021\/02\/transfert_aeroport_nice-1-100x100.jpg 100w\" sizes=\"(max-width: 759px) 100vw, 759px\" \/>\t\t\t\t\t\t\t\t\t<div class=\"premium-banner-ib-desc\">\n\t\t\t\t\n\t\t\t\t\t\t\t\t\t<h3 class=\"premium-banner-ib-title premium_banner_title\">\n\t\t\t\t\t\tTransferts<br>A\u00e9roport de Nice\t\t\t\t\t<\/h3>\n\t\t\t\t\n\t\t\t\t\t\t\t\t\t<div class=\"premium-banner-ib-content premium_banner_content\">\n\t\t\t\t\t\t<p>L&rsquo;a\u00e9roport de Nice C\u00f4te d&rsquo;Azur est la porte d&rsquo;entr\u00e9e de la french rivi\u00e9ra. Vtc M\u00e9diterran\u00e9e vous accueil d\u00e8s votre arriv\u00e9e de mani\u00e8re personnalis\u00e9e et avec la plus grande attention.<\/p><p>Vtc m\u00e9diterran\u00e9e est le n\u00b01 des transferts au d\u00e9part de l&rsquo;a\u00e9roport Nice cote d&rsquo;Azur.<\/p><p>\u00a0<\/p>\t\t\t\t\t<\/div>\n\t\t\t\t\n\t\t\t\t\n\t\t\t\t\t\t\t<\/div>\n\t\t\t\t\t\t\t<a href=\"http:\/\/niceairport-transfers.com\/fr\/transferts\/aeroport-de-nice\/\" class=\"premium-banner-ib-link\"><\/a>\n\t\t\t\t\t<\/div>\n\n\t\t\t\t\t\t<\/div>\n\t\t\t\t<\/div>\n\t\t\t\t\t<\/div>\n\t\t<\/div>\n\t\t\t\t<div class=\"elementor-column elementor-col-25 elementor-top-column elementor-element elementor-element-4a8b411\" data-id=\"4a8b411\" data-element_type=\"column\" data-e-type=\"column\">\n\t\t\t<div class=\"elementor-widget-wrap elementor-element-populated\">\n\t\t\t\t\t\t<div class=\"elementor-element elementor-element-d2c6c2a elementor-widget elementor-widget-premium-addon-banner\" data-id=\"d2c6c2a\" data-element_type=\"widget\" data-e-type=\"widget\" data-widget_type=\"premium-addon-banner.default\">\n\t\t\t\t<div class=\"elementor-widget-container\">\n\t\t\t\t\t\t\t<div class=\"premium-banner-ib premium-banner-min-height premium-banner-animation1 scale premium-banner__effect-type2\">\n\t\t\t\t\t\t\t\t\t\t<img decoding=\"async\" width=\"1024\" height=\"1024\" src=\"https:\/\/niceairport-transfers.com\/wp-content\/uploads\/2021\/02\/Entree_Gare_de_Saint-Raphael-Valescure_avril_2019-1-1024x1024.jpg\" class=\"attachment-large size-large wp-image-1054\" alt=\"\" srcset=\"https:\/\/niceairport-transfers.com\/wp-content\/uploads\/2021\/02\/Entree_Gare_de_Saint-Raphael-Valescure_avril_2019-1-1024x1024.jpg 1024w, https:\/\/niceairport-transfers.com\/wp-content\/uploads\/2021\/02\/Entree_Gare_de_Saint-Raphael-Valescure_avril_2019-1-300x300.jpg 300w, https:\/\/niceairport-transfers.com\/wp-content\/uploads\/2021\/02\/Entree_Gare_de_Saint-Raphael-Valescure_avril_2019-1-150x150.jpg 150w, https:\/\/niceairport-transfers.com\/wp-content\/uploads\/2021\/02\/Entree_Gare_de_Saint-Raphael-Valescure_avril_2019-1-768x768.jpg 768w, https:\/\/niceairport-transfers.com\/wp-content\/uploads\/2021\/02\/Entree_Gare_de_Saint-Raphael-Valescure_avril_2019-1-12x12.jpg 12w, https:\/\/niceairport-transfers.com\/wp-content\/uploads\/2021\/02\/Entree_Gare_de_Saint-Raphael-Valescure_avril_2019-1-600x600.jpg 600w, https:\/\/niceairport-transfers.com\/wp-content\/uploads\/2021\/02\/Entree_Gare_de_Saint-Raphael-Valescure_avril_2019-1-100x100.jpg 100w, https:\/\/niceairport-transfers.com\/wp-content\/uploads\/2021\/02\/Entree_Gare_de_Saint-Raphael-Valescure_avril_2019-1.jpg 1368w\" sizes=\"(max-width: 1024px) 100vw, 1024px\" \/>\t\t\t\t\t\t\t\t\t<div class=\"premium-banner-ib-desc\">\n\t\t\t\t\n\t\t\t\t\t\t\t\t\t<h3 class=\"premium-banner-ib-title premium_banner_title\">\n\t\t\t\t\t\tTransferts<br>Gare de Saint-Rapa\u00ebl\t\t\t\t\t<\/h3>\n\t\t\t\t\n\t\t\t\t\t\t\t\t\t<div class=\"premium-banner-ib-content premium_banner_content\">\n\t\t\t\t\t\t<p>La gare de Saint Raphael Valescure est sit\u00e9e au point de d\u00e9part de toutes les destinations de la r\u00e9gion de l&rsquo;Esterel et du Golfe de Saint Tropez.<\/p><p>Vtc M\u00e9diterran\u00e9e vous accueil d\u00e8s votre arriv\u00e9e de mani\u00e8re personnalis\u00e9e et avec la plus grande attention.<\/p><p>Vtc m\u00e9diterran\u00e9e est le n\u00b01 des transferts au d\u00e9part de la gare de Saint Raphael Valescure.<\/p><p>\u00a0<\/p>\t\t\t\t\t<\/div>\n\t\t\t\t\n\t\t\t\t\n\t\t\t\t\t\t\t<\/div>\n\t\t\t\t\t\t\t<a href=\"http:\/\/niceairport-transfers.com\/fr\/transferts\/gare-de-saint-raphael\/\" class=\"premium-banner-ib-link\"><\/a>\n\t\t\t\t\t<\/div>\n\n\t\t\t\t\t\t<\/div>\n\t\t\t\t<\/div>\n\t\t\t\t\t<\/div>\n\t\t<\/div>\n\t\t\t\t<div class=\"elementor-column elementor-col-25 elementor-top-column elementor-element elementor-element-9ad7077\" data-id=\"9ad7077\" data-element_type=\"column\" data-e-type=\"column\">\n\t\t\t<div class=\"elementor-widget-wrap elementor-element-populated\">\n\t\t\t\t\t\t<div class=\"elementor-element elementor-element-7832262 elementor-widget elementor-widget-premium-addon-banner\" data-id=\"7832262\" data-element_type=\"widget\" data-e-type=\"widget\" data-widget_type=\"premium-addon-banner.default\">\n\t\t\t\t<div class=\"elementor-widget-container\">\n\t\t\t\t\t\t\t<div class=\"premium-banner-ib premium-banner-min-height premium-banner-animation1 scale premium-banner__effect-type2\">\n\t\t\t\t\t\t\t\t\t\t<img decoding=\"async\" width=\"560\" height=\"560\" src=\"https:\/\/niceairport-transfers.com\/wp-content\/uploads\/2021\/02\/226-region-saint-tropez-1600x560-1-1.jpg\" class=\"attachment-large size-large wp-image-1055\" alt=\"\" srcset=\"https:\/\/niceairport-transfers.com\/wp-content\/uploads\/2021\/02\/226-region-saint-tropez-1600x560-1-1.jpg 560w, https:\/\/niceairport-transfers.com\/wp-content\/uploads\/2021\/02\/226-region-saint-tropez-1600x560-1-1-300x300.jpg 300w, https:\/\/niceairport-transfers.com\/wp-content\/uploads\/2021\/02\/226-region-saint-tropez-1600x560-1-1-150x150.jpg 150w, https:\/\/niceairport-transfers.com\/wp-content\/uploads\/2021\/02\/226-region-saint-tropez-1600x560-1-1-12x12.jpg 12w, https:\/\/niceairport-transfers.com\/wp-content\/uploads\/2021\/02\/226-region-saint-tropez-1600x560-1-1-100x100.jpg 100w\" sizes=\"(max-width: 560px) 100vw, 560px\" \/>\t\t\t\t\t\t\t\t\t<div class=\"premium-banner-ib-desc\">\n\t\t\t\t\n\t\t\t\t\t\t\t\t\t<h3 class=\"premium-banner-ib-title premium_banner_title\">\n\t\t\t\t\t\tTransferts<br>Saint-Tropez\t\t\t\t\t<\/h3>\n\t\t\t\t\n\t\t\t\t\t\t\t\t\t<div class=\"premium-banner-ib-content premium_banner_content\">\n\t\t\t\t\t\t<p>On ne pr\u00e9sente plus Saint Tropez!! mais connaissez vous les plages, les restaurants, les endroits branch\u00e9s, les plus beaux lieux du Golfe? Faites confiance \u00e0 Vtc M\u00e9diterran\u00e9e pour vous conduire et vous guider dans cette r\u00e9gion.<\/p>\t\t\t\t\t<\/div>\n\t\t\t\t\n\t\t\t\t\n\t\t\t\t\t\t\t<\/div>\n\t\t\t\t\t\t\t<a href=\"http:\/\/niceairport-transfers.com\/fr\/transferts\/golfe-de-saint-tropez\/\" class=\"premium-banner-ib-link\"><\/a>\n\t\t\t\t\t<\/div>\n\n\t\t\t\t\t\t<\/div>\n\t\t\t\t<\/div>\n\t\t\t\t\t<\/div>\n\t\t<\/div>\n\t\t\t\t<div class=\"elementor-column elementor-col-25 elementor-top-column elementor-element elementor-element-e16232c\" data-id=\"e16232c\" data-element_type=\"column\" data-e-type=\"column\">\n\t\t\t<div class=\"elementor-widget-wrap elementor-element-populated\">\n\t\t\t\t\t\t<div class=\"elementor-element elementor-element-e950b9e elementor-widget elementor-widget-premium-addon-banner\" data-id=\"e950b9e\" data-element_type=\"widget\" data-e-type=\"widget\" data-widget_type=\"premium-addon-banner.default\">\n\t\t\t\t<div class=\"elementor-widget-container\">\n\t\t\t\t\t\t\t<div class=\"premium-banner-ib premium-banner-min-height premium-banner-animation1 scale premium-banner__effect-type2\">\n\t\t\t\t\t\t\t\t\t\t<img loading=\"lazy\" decoding=\"async\" width=\"760\" height=\"760\" src=\"https:\/\/niceairport-transfers.com\/wp-content\/uploads\/2021\/02\/2be07ca5-a736-46fd-987f-ca705d4f990c.jpg\" class=\"attachment-large size-large wp-image-1057\" alt=\"\" srcset=\"https:\/\/niceairport-transfers.com\/wp-content\/uploads\/2021\/02\/2be07ca5-a736-46fd-987f-ca705d4f990c.jpg 760w, https:\/\/niceairport-transfers.com\/wp-content\/uploads\/2021\/02\/2be07ca5-a736-46fd-987f-ca705d4f990c-300x300.jpg 300w, https:\/\/niceairport-transfers.com\/wp-content\/uploads\/2021\/02\/2be07ca5-a736-46fd-987f-ca705d4f990c-150x150.jpg 150w, https:\/\/niceairport-transfers.com\/wp-content\/uploads\/2021\/02\/2be07ca5-a736-46fd-987f-ca705d4f990c-12x12.jpg 12w, https:\/\/niceairport-transfers.com\/wp-content\/uploads\/2021\/02\/2be07ca5-a736-46fd-987f-ca705d4f990c-600x600.jpg 600w, https:\/\/niceairport-transfers.com\/wp-content\/uploads\/2021\/02\/2be07ca5-a736-46fd-987f-ca705d4f990c-100x100.jpg 100w\" sizes=\"(max-width: 760px) 100vw, 760px\" \/>\t\t\t\t\t\t\t\t\t<div class=\"premium-banner-ib-desc\">\n\t\t\t\t\n\t\t\t\t\t\t\t\t\t<h3 class=\"premium-banner-ib-title premium_banner_title\">\n\t\t\t\t\t\tTransferts<br>autres destinations\t\t\t\t\t<\/h3>\n\t\t\t\t\n\t\t\t\t\t\t\t\t\t<div class=\"premium-banner-ib-content premium_banner_content\">\n\t\t\t\t\t\t<p>Vous souhaitez vous rendre dans un lieu qui ne figure pas dans nos destinations programm\u00e9es; aucun soucis gr\u00e2ce au calculateur de prix du site, trouvez votre destination et vous aurez imm\u00e9diatement le tarif pour vous y rendre, r\u00e9servez et payez en ligne ou \u00e0 bord!<\/p>\t\t\t\t\t<\/div>\n\t\t\t\t\n\t\t\t\t\n\t\t\t\t\t\t\t<\/div>\n\t\t\t\t\t\t\t<a href=\"http:\/\/niceairport-transfers.com\/fr\/contact\/\" class=\"premium-banner-ib-link\"><\/a>\n\t\t\t\t\t<\/div>\n\n\t\t\t\t\t\t<\/div>\n\t\t\t\t<\/div>\n\t\t\t\t\t<\/div>\n\t\t<\/div>\n\t\t\t\t\t<\/div>\n\t\t<\/section>\n\t\t\t\t<\/div>\n\t\t","protected":false},"excerpt":{"rendered":"<p>Transferts A\u00e9roport de Nice L&rsquo;a\u00e9roport de Nice C\u00f4te d&rsquo;Azur est la porte d&rsquo;entr\u00e9e de la french rivi\u00e9ra. Vtc M\u00e9diterran\u00e9e vous accueil d\u00e8s votre arriv\u00e9e de mani\u00e8re personnalis\u00e9e et avec la plus grande attention. Vtc m\u00e9diterran\u00e9e est le n\u00b01 des transferts au d\u00e9part de l&rsquo;a\u00e9roport Nice cote d&rsquo;Azur. Transferts Gare de Saint-Rapa\u00ebl La gare de Saint [&hellip;]<\/p>\n","protected":false},"author":1,"featured_media":0,"parent":0,"menu_order":0,"comment_status":"closed","ping_status":"closed","template":"","meta":{"site-sidebar-layout":"no-sidebar","site-content-layout":"page-builder","ast-site-content-layout":"default","site-content-style":"default","site-sidebar-style":"default","ast-global-header-display":"","ast-banner-title-visibility":"","ast-main-header-display":"","ast-hfb-above-header-display":"","ast-hfb-below-header-display":"","ast-hfb-mobile-header-display":"","site-post-title":"disabled","ast-breadcrumbs-content":"","ast-featured-img":"disabled","footer-sml-layout":"","ast-disable-related-posts":"","theme-transparent-header-meta":"default","adv-header-id-meta":"","stick-header-meta":"","header-above-stick-meta":"","header-main-stick-meta":"","header-below-stick-meta":"","astra-migrate-meta-layouts":"default","ast-page-background-enabled":"default","ast-page-background-meta":{"desktop":{"background-color":"","background-image":"","background-repeat":"repeat","background-position":"center center","background-size":"auto","background-attachment":"scroll","background-type":"","background-media":"","overlay-type":"","overlay-color":"","overlay-opacity":"","overlay-gradient":""},"tablet":{"background-color":"","background-image":"","background-repeat":"repeat","background-position":"center center","background-size":"auto","background-attachment":"scroll","background-type":"","background-media":"","overlay-type":"","overlay-color":"","overlay-opacity":"","overlay-gradient":""},"mobile":{"background-color":"","background-image":"","background-repeat":"repeat","background-position":"center center","background-size":"auto","background-attachment":"scroll","background-type":"","background-media":"","overlay-type":"","overlay-color":"","overlay-opacity":"","overlay-gradient":""}},"ast-content-background-meta":{"desktop":{"background-color":"var(--ast-global-color-5)","background-image":"","background-repeat":"repeat","background-position":"center center","background-size":"auto","background-attachment":"scroll","background-type":"","background-media":"","overlay-type":"","overlay-color":"","overlay-opacity":"","overlay-gradient":""},"tablet":{"background-color":"var(--ast-global-color-5)","background-image":"","background-repeat":"repeat","background-position":"center center","background-size":"auto","background-attachment":"scroll","background-type":"","background-media":"","overlay-type":"","overlay-color":"","overlay-opacity":"","overlay-gradient":""},"mobile":{"background-color":"var(--ast-global-color-5)","background-image":"","background-repeat":"repeat","background-position":"center center","background-size":"auto","background-attachment":"scroll","background-type":"","background-media":"","overlay-type":"","overlay-color":"","overlay-opacity":"","overlay-gradient":""}},"footnotes":""},"class_list":["post-22","page","type-page","status-publish","hentry"],"yoast_head":"<!-- This site is optimized with the Yoast SEO plugin v27.4 - https:\/\/yoast.com\/product\/yoast-seo-wordpress\/ -->\n<title>Transferts | VTC M\u00e9dit\u00e9rran\u00e9e | Navette a\u00e9roport | France<\/title>\n<meta name=\"description\" content=\"Transferts A\u00e9roport de Nice, Transferts Saint Tropez, transferts Gare de Saint Raphael, navette Fr\u00e9jus A\u00e9roport Nice, VTC MEDITERRANEE\" \/>\n<meta name=\"robots\" content=\"index, follow, max-snippet:-1, max-image-preview:large, max-video-preview:-1\" \/>\n<link rel=\"canonical\" href=\"https:\/\/niceairport-transfers.com\/fr\/transferts\/\" \/>\n<meta property=\"og:locale\" content=\"fr_FR\" \/>\n<meta property=\"og:type\" content=\"article\" \/>\n<meta property=\"og:title\" content=\"Transferts | VTC M\u00e9dit\u00e9rran\u00e9e | Navette a\u00e9roport | France\" \/>\n<meta property=\"og:description\" content=\"Transferts A\u00e9roport de Nice, Transferts Saint Tropez, transferts Gare de Saint Raphael, navette Fr\u00e9jus A\u00e9roport Nice, VTC MEDITERRANEE\" \/>\n<meta property=\"og:url\" content=\"https:\/\/niceairport-transfers.com\/fr\/transferts\/\" \/>\n<meta property=\"og:site_name\" content=\"VTC M\u00e9diterrann\u00e9e\" \/>\n<meta property=\"article:publisher\" content=\"https:\/\/www.facebook.com\/vtc.frejus.mediterranee\" \/>\n<meta property=\"article:modified_time\" content=\"2021-04-18T18:23:18+00:00\" \/>\n<meta property=\"og:image\" content=\"https:\/\/niceairport-transfers.com\/wp-content\/uploads\/2021\/02\/transfert_aeroport_nice-1.jpg\" \/>\n<meta name=\"twitter:card\" content=\"summary_large_image\" \/>\n<meta name=\"twitter:label1\" content=\"Dur\u00e9e de lecture estim\u00e9e\" \/>\n\t<meta name=\"twitter:data1\" content=\"2 minutes\" \/>\n<script type=\"application\/ld+json\" class=\"yoast-schema-graph\">{\"@context\":\"https:\\\/\\\/schema.org\",\"@graph\":[{\"@type\":\"WebPage\",\"@id\":\"https:\\\/\\\/niceairport-transfers.com\\\/en\\\/transferts\\\/\",\"url\":\"https:\\\/\\\/niceairport-transfers.com\\\/en\\\/transferts\\\/\",\"name\":\"Transferts | VTC M\u00e9dit\u00e9rran\u00e9e | Navette a\u00e9roport | France\",\"isPartOf\":{\"@id\":\"https:\\\/\\\/niceairport-transfers.com\\\/fr\\\/#website\"},\"primaryImageOfPage\":{\"@id\":\"https:\\\/\\\/niceairport-transfers.com\\\/en\\\/transferts\\\/#primaryimage\"},\"image\":{\"@id\":\"https:\\\/\\\/niceairport-transfers.com\\\/en\\\/transferts\\\/#primaryimage\"},\"thumbnailUrl\":\"https:\\\/\\\/niceairport-transfers.com\\\/wp-content\\\/uploads\\\/2021\\\/02\\\/transfert_aeroport_nice-1.jpg\",\"datePublished\":\"2018-02-12T13:48:01+00:00\",\"dateModified\":\"2021-04-18T18:23:18+00:00\",\"description\":\"Transferts A\u00e9roport de Nice, Transferts Saint Tropez, transferts Gare de Saint Raphael, navette Fr\u00e9jus A\u00e9roport Nice, VTC MEDITERRANEE\",\"breadcrumb\":{\"@id\":\"https:\\\/\\\/niceairport-transfers.com\\\/en\\\/transferts\\\/#breadcrumb\"},\"inLanguage\":\"fr-FR\",\"potentialAction\":[{\"@type\":\"ReadAction\",\"target\":[\"https:\\\/\\\/niceairport-transfers.com\\\/en\\\/transferts\\\/\"]}]},{\"@type\":\"ImageObject\",\"inLanguage\":\"fr-FR\",\"@id\":\"https:\\\/\\\/niceairport-transfers.com\\\/en\\\/transferts\\\/#primaryimage\",\"url\":\"https:\\\/\\\/niceairport-transfers.com\\\/wp-content\\\/uploads\\\/2021\\\/02\\\/transfert_aeroport_nice-1.jpg\",\"contentUrl\":\"https:\\\/\\\/niceairport-transfers.com\\\/wp-content\\\/uploads\\\/2021\\\/02\\\/transfert_aeroport_nice-1.jpg\"},{\"@type\":\"BreadcrumbList\",\"@id\":\"https:\\\/\\\/niceairport-transfers.com\\\/en\\\/transferts\\\/#breadcrumb\",\"itemListElement\":[{\"@type\":\"ListItem\",\"position\":1,\"name\":\"Accueil\",\"item\":\"https:\\\/\\\/niceairport-transfers.com\\\/\"},{\"@type\":\"ListItem\",\"position\":2,\"name\":\"Transferts\"}]},{\"@type\":\"WebSite\",\"@id\":\"https:\\\/\\\/niceairport-transfers.com\\\/fr\\\/#website\",\"url\":\"https:\\\/\\\/niceairport-transfers.com\\\/fr\\\/\",\"name\":\"VTC M\u00e9diterrann\u00e9e\",\"description\":\"transfert a\u00e9roport de Nice\",\"publisher\":{\"@id\":\"https:\\\/\\\/niceairport-transfers.com\\\/fr\\\/#organization\"},\"potentialAction\":[{\"@type\":\"SearchAction\",\"target\":{\"@type\":\"EntryPoint\",\"urlTemplate\":\"https:\\\/\\\/niceairport-transfers.com\\\/fr\\\/?s={search_term_string}\"},\"query-input\":{\"@type\":\"PropertyValueSpecification\",\"valueRequired\":true,\"valueName\":\"search_term_string\"}}],\"inLanguage\":\"fr-FR\"},{\"@type\":\"Organization\",\"@id\":\"https:\\\/\\\/niceairport-transfers.com\\\/fr\\\/#organization\",\"name\":\"VTC M\u00e9dit\u00e9rran\u00e9e\",\"url\":\"https:\\\/\\\/niceairport-transfers.com\\\/fr\\\/\",\"logo\":{\"@type\":\"ImageObject\",\"inLanguage\":\"fr-FR\",\"@id\":\"https:\\\/\\\/niceairport-transfers.com\\\/fr\\\/#\\\/schema\\\/logo\\\/image\\\/\",\"url\":\"https:\\\/\\\/niceairport-transfers.com\\\/wp-content\\\/uploads\\\/2021\\\/02\\\/logo-site.jpg\",\"contentUrl\":\"https:\\\/\\\/niceairport-transfers.com\\\/wp-content\\\/uploads\\\/2021\\\/02\\\/logo-site.jpg\",\"width\":631,\"height\":234,\"caption\":\"VTC M\u00e9dit\u00e9rran\u00e9e\"},\"image\":{\"@id\":\"https:\\\/\\\/niceairport-transfers.com\\\/fr\\\/#\\\/schema\\\/logo\\\/image\\\/\"},\"sameAs\":[\"https:\\\/\\\/www.facebook.com\\\/vtc.frejus.mediterranee\",\"https:\\\/\\\/www.instagram.com\\\/vtc_mediterranee.frejus\\\/\",\"https:\\\/\\\/www.linkedin.com\\\/in\\\/vtc-m\u00e9diterran\u00e9e-olivier-321a95190\\\/\"]}]}<\/script>\n<!-- \/ Yoast SEO plugin. -->","yoast_head_json":{"title":"Transferts | VTC M\u00e9dit\u00e9rran\u00e9e | Navette a\u00e9roport | France","description":"Transferts A\u00e9roport de Nice, Transferts Saint Tropez, transferts Gare de Saint Raphael, navette Fr\u00e9jus A\u00e9roport Nice, VTC MEDITERRANEE","robots":{"index":"index","follow":"follow","max-snippet":"max-snippet:-1","max-image-preview":"max-image-preview:large","max-video-preview":"max-video-preview:-1"},"canonical":"https:\/\/niceairport-transfers.com\/fr\/transferts\/","og_locale":"fr_FR","og_type":"article","og_title":"Transferts | VTC M\u00e9dit\u00e9rran\u00e9e | Navette a\u00e9roport | France","og_description":"Transferts A\u00e9roport de Nice, Transferts Saint Tropez, transferts Gare de Saint Raphael, navette Fr\u00e9jus A\u00e9roport Nice, VTC MEDITERRANEE","og_url":"https:\/\/niceairport-transfers.com\/fr\/transferts\/","og_site_name":"VTC M\u00e9diterrann\u00e9e","article_publisher":"https:\/\/www.facebook.com\/vtc.frejus.mediterranee","article_modified_time":"2021-04-18T18:23:18+00:00","og_image":[{"url":"https:\/\/niceairport-transfers.com\/wp-content\/uploads\/2021\/02\/transfert_aeroport_nice-1.jpg","type":"","width":"","height":""}],"twitter_card":"summary_large_image","twitter_misc":{"Dur\u00e9e de lecture estim\u00e9e":"2 minutes"},"schema":{"@context":"https:\/\/schema.org","@graph":[{"@type":"WebPage","@id":"https:\/\/niceairport-transfers.com\/en\/transferts\/","url":"https:\/\/niceairport-transfers.com\/en\/transferts\/","name":"Transferts | VTC M\u00e9dit\u00e9rran\u00e9e | Navette a\u00e9roport | France","isPartOf":{"@id":"https:\/\/niceairport-transfers.com\/fr\/#website"},"primaryImageOfPage":{"@id":"https:\/\/niceairport-transfers.com\/en\/transferts\/#primaryimage"},"image":{"@id":"https:\/\/niceairport-transfers.com\/en\/transferts\/#primaryimage"},"thumbnailUrl":"https:\/\/niceairport-transfers.com\/wp-content\/uploads\/2021\/02\/transfert_aeroport_nice-1.jpg","datePublished":"2018-02-12T13:48:01+00:00","dateModified":"2021-04-18T18:23:18+00:00","description":"Transferts A\u00e9roport de Nice, Transferts Saint Tropez, transferts Gare de Saint Raphael, navette Fr\u00e9jus A\u00e9roport Nice, VTC MEDITERRANEE","breadcrumb":{"@id":"https:\/\/niceairport-transfers.com\/en\/transferts\/#breadcrumb"},"inLanguage":"fr-FR","potentialAction":[{"@type":"ReadAction","target":["https:\/\/niceairport-transfers.com\/en\/transferts\/"]}]},{"@type":"ImageObject","inLanguage":"fr-FR","@id":"https:\/\/niceairport-transfers.com\/en\/transferts\/#primaryimage","url":"https:\/\/niceairport-transfers.com\/wp-content\/uploads\/2021\/02\/transfert_aeroport_nice-1.jpg","contentUrl":"https:\/\/niceairport-transfers.com\/wp-content\/uploads\/2021\/02\/transfert_aeroport_nice-1.jpg"},{"@type":"BreadcrumbList","@id":"https:\/\/niceairport-transfers.com\/en\/transferts\/#breadcrumb","itemListElement":[{"@type":"ListItem","position":1,"name":"Accueil","item":"https:\/\/niceairport-transfers.com\/"},{"@type":"ListItem","position":2,"name":"Transferts"}]},{"@type":"WebSite","@id":"https:\/\/niceairport-transfers.com\/fr\/#website","url":"https:\/\/niceairport-transfers.com\/fr\/","name":"VTC M\u00e9diterrann\u00e9e","description":"transfert a\u00e9roport de Nice","publisher":{"@id":"https:\/\/niceairport-transfers.com\/fr\/#organization"},"potentialAction":[{"@type":"SearchAction","target":{"@type":"EntryPoint","urlTemplate":"https:\/\/niceairport-transfers.com\/fr\/?s={search_term_string}"},"query-input":{"@type":"PropertyValueSpecification","valueRequired":true,"valueName":"search_term_string"}}],"inLanguage":"fr-FR"},{"@type":"Organization","@id":"https:\/\/niceairport-transfers.com\/fr\/#organization","name":"VTC M\u00e9dit\u00e9rran\u00e9e","url":"https:\/\/niceairport-transfers.com\/fr\/","logo":{"@type":"ImageObject","inLanguage":"fr-FR","@id":"https:\/\/niceairport-transfers.com\/fr\/#\/schema\/logo\/image\/","url":"https:\/\/niceairport-transfers.com\/wp-content\/uploads\/2021\/02\/logo-site.jpg","contentUrl":"https:\/\/niceairport-transfers.com\/wp-content\/uploads\/2021\/02\/logo-site.jpg","width":631,"height":234,"caption":"VTC M\u00e9dit\u00e9rran\u00e9e"},"image":{"@id":"https:\/\/niceairport-transfers.com\/fr\/#\/schema\/logo\/image\/"},"sameAs":["https:\/\/www.facebook.com\/vtc.frejus.mediterranee","https:\/\/www.instagram.com\/vtc_mediterranee.frejus\/","https:\/\/www.linkedin.com\/in\/vtc-m\u00e9diterran\u00e9e-olivier-321a95190\/"]}]}},"_links":{"self":[{"href":"http:\/\/niceairport-transfers.com\/fr\/wp-json\/wp\/v2\/pages\/22","targetHints":{"allow":["GET"]}}],"collection":[{"href":"http:\/\/niceairport-transfers.com\/fr\/wp-json\/wp\/v2\/pages"}],"about":[{"href":"http:\/\/niceairport-transfers.com\/fr\/wp-json\/wp\/v2\/types\/page"}],"author":[{"embeddable":true,"href":"http:\/\/niceairport-transfers.com\/fr\/wp-json\/wp\/v2\/users\/1"}],"replies":[{"embeddable":true,"href":"http:\/\/niceairport-transfers.com\/fr\/wp-json\/wp\/v2\/comments?post=22"}],"version-history":[{"count":45,"href":"http:\/\/niceairport-transfers.com\/fr\/wp-json\/wp\/v2\/pages\/22\/revisions"}],"predecessor-version":[{"id":1777,"href":"http:\/\/niceairport-transfers.com\/fr\/wp-json\/wp\/v2\/pages\/22\/revisions\/1777"}],"wp:attachment":[{"href":"http:\/\/niceairport-transfers.com\/fr\/wp-json\/wp\/v2\/media?parent=22"}],"curies":[{"name":"wp","href":"https:\/\/api.w.org\/{rel}","templated":true}]}}